{"id":323,"date":"2022-12-26T08:34:15","date_gmt":"2022-12-26T08:34:15","guid":{"rendered":"http:\/\/51.75.204.15\/?page_id=323"},"modified":"2025-10-08T10:12:02","modified_gmt":"2025-10-08T10:12:02","slug":"junta_imagenes","status":"publish","type":"page","link":"https:\/\/www.cofradiasontinyent.com\/index.php\/junta_imagenes\/","title":{"rendered":"Junta_imagenes"},"content":{"rendered":"<p>[vc_row css_animation=\u00bb\u00bb row_type=\u00bbrow\u00bb use_row_as_full_screen_section=\u00bbno\u00bb type=\u00bbfull_width\u00bb angled_section=\u00bbno\u00bb text_align=\u00bbleft\u00bb background_image_as_pattern=\u00bbwithout_pattern\u00bb css=\u00bb.vc_custom_1521812392429{padding-top: 130px !important;background-color: #ffffff !important;}\u00bb z_index=\u00bb\u00bb][vc_column][vc_separator type=\u00bbtransparent\u00bb][vc_separator type=\u00bbtransparent\u00bb][vc_separator type=\u00bbtransparent\u00bb][vc_separator type=\u00bbtransparent\u00bb][vc_separator type=\u00bbtransparent\u00bb][vc_separator type=\u00bbtransparent\u00bb][vc_row_inner row_type=\u00bbrow\u00bb type=\u00bbgrid\u00bb text_align=\u00bbleft\u00bb css_animation=\u00bb\u00bb css=\u00bb.vc_custom_1521812433367{padding-bottom: 40px !important;}\u00bb][vc_column_inner width=\u00bb1\/6&#8243;][\/vc_column_inner][vc_column_inner width=\u00bb2\/6&#8243;][vc_column_text]<\/p>\n<p lang=\"es-ES\" style=\"text-align: center;\"><span style=\"color: #000000;\"><span style=\"font-family: Times New Roman, serif;\"><span style=\"font-size: large;\"><b><span style=\"color: #ffffff;\">_<\/span><span style=\"color: #000099;\"><span style=\"font-size: x-large;\">Jes\u00fas Resucitado<\/span><\/span><\/b><\/span><\/span><\/span><\/p>\n<p>[\/vc_column_text][vc_single_image image=\u00bb446&#8243; img_size=\u00bbfull\u00bb alignment=\u00bbcenter\u00bb onclick=\u00bbimg_link_large\u00bb qode_css_animation=\u00bb\u00bb][\/vc_column_inner][vc_column_inner width=\u00bb2\/6&#8243;][vc_separator type=\u00bbtransparent\u00bb][vc_separator type=\u00bbtransparent\u00bb][vc_column_text]<\/p>\n<p lang=\"es-ES\"><span style=\"color: #000000;\"><span style=\"font-family: Times New Roman, serif;\"><span style=\"font-size: medium;\"><b><span style=\"color: #ffffff;\">__<\/span><\/b>El <b>Jes\u00fas Resucitado<\/b> es de talla completa y policromada, del escultor <b>Juan Cristobal Gonzales<\/b>, nacido en Ohanes (Almeria).<\/span><\/span><\/span><\/p>\n<p lang=\"es-ES\"><span style=\"color: #000000;\"><span style=\"font-family: Times New Roman, serif;\"><span style=\"font-size: medium;\"><span style=\"color: #ffffff;\">__<\/span>En el a\u00f1o 1906 su padre emigra a Argentina y \u00e9l se instala en la casa de su t\u00eda. Inici\u00f3 sus estudios en el taller de Nicol\u00e1s Ben\u00edtez, en la escuela de Artes y Oficios de esta ciudad. Al tiempo se traslad\u00f3 a Madrid , becado por el ayuntamiento de su pueblo natal, para entrar como aprendiz en el taller de <b>Mariano Benlliure<\/b>. Su verdadera formaci\u00f3n no obstante, tuvo lugar en el <b>Museo de Reproducciones Art\u00edsticas<\/b>, donde copio a los cl\u00e1sicos griegos, romanos y renacentistas, como Donatello.<\/span><\/span><\/span><\/p>\n<p lang=\"es-ES\"><span style=\"color: #000000;\"><span style=\"font-family: Times New Roman, serif;\"><span style=\"font-size: medium;\"><span style=\"color: #ffffff;\">__<\/span>Su labor comenz\u00f3 a ser conocida en 1917, cuando expuso en el <b>Ateneo de Madrid<\/b> y obtuvo el 2\u00ba premio de la <b>Exposici\u00f3n Nacional de Bellas Artes<\/b>. Despunto por fin en 1992, cuando logro el m\u00e1ximo galard\u00f3n con gran \u00e9xito de la critica, siendo reconocido una segunda vez con este premio en 1927.<\/span><\/span><\/span><\/p>\n<p lang=\"es-ES\"><span style=\"color: #000000;\"><span style=\"font-family: Times New Roman, serif;\"><span style=\"font-size: medium;\"><span style=\"color: #ffffff;\">__<\/span>La imagen de <b>Jes\u00fas Resucitado<\/b> fue adquirida por la <b>Agrupaci\u00f3n General de Hermandades y Cofrad\u00edas de Cabra<\/b> en el a\u00f1o 1978. La altura de pies a cabeza es de 1,60 m, desde la cabeza a la peana 1,93 m, con una altura total desde la mano derecha hasta la peana de 2,05 m, su parte mas ancha es de 70 cm y tiene un peso aproximado de 80 Kg.<\/span><\/span><\/span><\/p>\n<p lang=\"es-ES\"><span style=\"color: #000000;\"><span style=\"font-family: Times New Roman, serif;\"><span style=\"font-size: medium;\"><span style=\"color: #ffffff;\">__<\/span>La imagen llego a nuestra ciudad el jueves d\u00eda 25 de junio de 2014, y fue bendecida el domingo 6 de julio.<\/span><\/span><\/span><\/p>\n<p lang=\"es-ES\"><span style=\"color: #000000;\"><span style=\"font-family: Times New Roman, serif;\"><span style=\"font-size: medium;\"><span style=\"color: #ffffff;\">__<\/span>Su primera salida procesional fue el <b>Domingo de Resurrecci\u00f3n de 2015.<\/b> en la procesi\u00f3n del <b>Encuentro Glorioso.<\/b><\/span><\/span><\/span><\/p>\n<p lang=\"es-ES\"><span style=\"color: #000000;\"><span style=\"font-family: Times New Roman, serif;\"><span style=\"font-size: medium;\"><span style=\"color: #ffffff;\">__<\/span>La imagen ha sido adquirida por los <b>Padres Franciscanos<\/b> para su culto en la iglesia de <b>San Francisco.<\/b><\/span><\/span><\/span><\/p>\n<p lang=\"es-ES\"><span style=\"color: #000000;\"><span style=\"font-family: Times New Roman, serif;\"><span style=\"font-size: medium;\"><span style=\"color: #ffffff;\">__<\/span> <i>Enrique Tortosa<\/i><\/span><\/span><\/span><\/p>\n<p>[\/vc_column_text][\/vc_column_inner][vc_column_inner width=\u00bb1\/6&#8243;][\/vc_column_inner][\/vc_row_inner][vc_row_inner row_type=\u00bbrow\u00bb type=\u00bbgrid\u00bb text_align=\u00bbleft\u00bb css_animation=\u00bb\u00bb css=\u00bb.vc_custom_1521812433367{padding-bottom: 40px !important;}\u00bb][vc_column_inner width=\u00bb1\/6&#8243;][\/vc_column_inner][vc_column_inner width=\u00bb2\/6&#8243;][vc_single_image image=\u00bb445&#8243; img_size=\u00bbfull\u00bb alignment=\u00bbcenter\u00bb onclick=\u00bbimg_link_large\u00bb qode_css_animation=\u00bb\u00bb][vc_column_text]<\/p>\n<p style=\"text-align: center;\" align=\"LEFT\"><span style=\"color: #000000;\"><b>Anda de Jes\u00fas Resucitado<\/b><\/span><\/p>\n<p>[\/vc_column_text][\/vc_column_inner][vc_column_inner width=\u00bb2\/6&#8243;][\/vc_column_inner][vc_column_inner width=\u00bb1\/6&#8243;][\/vc_column_inner][\/vc_row_inner][vc_row_inner row_type=\u00bbrow\u00bb type=\u00bbgrid\u00bb text_align=\u00bbleft\u00bb css_animation=\u00bb\u00bb css=\u00bb.vc_custom_1521812433367{padding-bottom: 40px !important;}\u00bb][vc_column_inner][vc_separator type=\u00bbtransparent\u00bb][vc_separator type=\u00bbtransparent\u00bb][vc_separator type=\u00bbtransparent\u00bb][\/vc_column_inner][\/vc_row_inner][vc_row_inner row_type=\u00bbrow\u00bb type=\u00bbgrid\u00bb text_align=\u00bbleft\u00bb css_animation=\u00bb\u00bb css=\u00bb.vc_custom_1521812433367{padding-bottom: 40px !important;}\u00bb][vc_column_inner width=\u00bb1\/6&#8243;][\/vc_column_inner][vc_column_inner width=\u00bb2\/6&#8243;][vc_column_text]<\/p>\n<p lang=\"es-ES\" style=\"text-align: center;\"><span style=\"color: #000099;\"><span style=\"font-family: Times New Roman, serif;\"><span style=\"font-size: x-large;\"><b>Mare de D\u00e9u de la Esperan\u00e7a<\/b><\/span><\/span><\/span><\/p>\n<p>[\/vc_column_text][vc_gallery type=\u00bbflexslider_slide\u00bb interval=\u00bb5&#8243; images=\u00bb3332,3333,3329,3328,3325,3326&#8243; img_size=\u00bbfull\u00bb onclick=\u00bbimg_link_large\u00bb][\/vc_column_inner][vc_column_inner width=\u00bb2\/6&#8243;][vc_separator type=\u00bbtransparent\u00bb][vc_separator type=\u00bbtransparent\u00bb][vc_column_text]<\/p>\n<p lang=\"es-ES\"><span style=\"color: #000000;\"><span style=\"font-family: Times New Roman, serif;\"><span style=\"font-size: medium;\"><span style=\"color: #ffffff;\"><b>__<\/b><\/span><b>La Mare de D\u00e9u de la Esperan\u00e7a<\/b> es una obra de <b>Manuel T\u00e9llez Berraquero<\/b> de 2006.<\/span><\/span><\/span><\/p>\n<p lang=\"es-ES\"><span style=\"color: #000000;\"><span style=\"font-family: Times New Roman, serif;\"><span style=\"font-size: medium;\"><span style=\"color: #ffffff;\">__<\/span>Bene\u00efda el 26 de mar\u00e7 de 2006.<\/span><\/span><\/span><\/p>\n<p lang=\"es-ES\"><span style=\"color: #000000;\"><span style=\"font-family: Times New Roman, serif;\"><span style=\"font-size: medium;\"><span style=\"color: #ffffff;\">__<\/span>Apadrinada per <b>Vicente Penad\u00e9s Bernabeu<\/b> i <b>Concha Barbera Pastor<\/b><\/span><\/span><\/span><\/p>\n<p lang=\"es-ES\"><span style=\"color: #000000;\"><span style=\"font-family: Times New Roman, serif;\"><span style=\"font-size: medium;\"><span style=\"color: #ffffff;\">__<\/span>Ha estat sufragada per una familia particular i cedida a la <b>Junta de Germandats y Confraries d&#8217;Ontinyent<\/b>, que la processionar\u00e0 en<b> l&#8217;Encontre Glori\u00f3s<\/b> del mat\u00ed de <b>Pascua Florida<\/b><\/span><\/span><\/span><\/p>\n<p lang=\"es-ES\"><span style=\"color: #000000;\"><span style=\"font-family: Times New Roman, serif;\"><span style=\"font-size: medium;\"><span style=\"color: #ffffff;\"><b>__<\/b><\/span><b>La Mare de D\u00e9u de la Esperan\u00e7a<\/b> ha estat una advocaci\u00f3 mariana existent a Ontinyent des de 1945. _No consta cap confraria al seu nom, per\u00f2 si un benefici a la parroquia de <b>l&#8217;Assumpci\u00f3<\/b>, on rebia culte hist\u00f2ric. Potragonitz\u00e0, fins els anys 30 del segle XX , la process\u00f3 de <b>l&#8217;Encontre Glori\u00f3s.<\/b><\/span><\/span><\/span><\/p>\n<p>[\/vc_column_text][\/vc_column_inner][vc_column_inner width=\u00bb1\/6&#8243;][\/vc_column_inner][\/vc_row_inner][vc_row_inner row_type=\u00bbrow\u00bb type=\u00bbgrid\u00bb text_align=\u00bbleft\u00bb css_animation=\u00bb\u00bb css=\u00bb.vc_custom_1521812433367{padding-bottom: 40px !important;}\u00bb][vc_column_inner width=\u00bb5\/12&#8243;][\/vc_column_inner][vc_column_inner width=\u00bb3\/12&#8243;][vc_separator type=\u00bbtransparent\u00bb][vc_separator type=\u00bbtransparent\u00bb][layerslider_vc id=\u00bb1&#8243;][\/vc_column_inner][vc_column_inner width=\u00bb4\/12&#8243;][\/vc_column_inner][\/vc_row_inner][vc_row_inner row_type=\u00bbrow\u00bb type=\u00bbgrid\u00bb text_align=\u00bbleft\u00bb css_animation=\u00bb\u00bb css=\u00bb.vc_custom_1521812433367{padding-bottom: 40px !important;}\u00bb][vc_column_inner][vc_separator type=\u00bbtransparent\u00bb][vc_separator type=\u00bbtransparent\u00bb][vc_separator type=\u00bbtransparent\u00bb][vc_separator type=\u00bbtransparent\u00bb][vc_separator type=\u00bbtransparent\u00bb][vc_separator type=\u00bbtransparent\u00bb][\/vc_column_inner][\/vc_row_inner][\/vc_column][\/vc_row]<\/p>\n","protected":false},"excerpt":{"rendered":"<p>[vc_row css_animation=\u00bb\u00bb row_type=\u00bbrow\u00bb use_row_as_full_screen_section=\u00bbno\u00bb type=\u00bbfull_width\u00bb angled_section=\u00bbno\u00bb text_align=\u00bbleft\u00bb background_image_as_pattern=\u00bbwithout_pattern\u00bb css=\u00bb.vc_custom_1521812392429{padding-top: 130px !important;background-color: #ffffff !important;}\u00bb z_index=\u00bb\u00bb][vc_column][vc_separator type=\u00bbtransparent\u00bb][vc_separator type=\u00bbtransparent\u00bb][vc_separator type=\u00bbtransparent\u00bb][vc_separator type=\u00bbtransparent\u00bb][vc_separator type=\u00bbtransparent\u00bb][vc_separator type=\u00bbtransparent\u00bb][vc_row_inner row_type=\u00bbrow\u00bb type=\u00bbgrid\u00bb text_align=\u00bbleft\u00bb css_animation=\u00bb\u00bb css=\u00bb.vc_custom_1521812433367{padding-bottom: 40px !important;}\u00bb][vc_column_inner width=\u00bb1\/6&#8243;][\/vc_column_inner][vc_column_inner width=\u00bb2\/6&#8243;][vc_column_text] _Jes\u00fas Resucitado [\/vc_column_text][vc_single_image image=\u00bb446&#8243; img_size=\u00bbfull\u00bb alignment=\u00bbcenter\u00bb onclick=\u00bbimg_link_large\u00bb qode_css_animation=\u00bb\u00bb][\/vc_column_inner][vc_column_inner width=\u00bb2\/6&#8243;][vc_separator type=\u00bbtransparent\u00bb][vc_separator type=\u00bbtransparent\u00bb][vc_column_text] __El Jes\u00fas Resucitado es de&#8230;<\/p>\n","protected":false},"author":1,"featured_media":0,"parent":0,"menu_order":0,"comment_status":"closed","ping_status":"closed","template":"full_width.php","meta":{"footnotes":""},"class_list":["post-323","page","type-page","status-publish","hentry"],"_links":{"self":[{"href":"https:\/\/www.cofradiasontinyent.com\/index.php\/wp-json\/wp\/v2\/pages\/323","targetHints":{"allow":["GET"]}}],"collection":[{"href":"https:\/\/www.cofradiasontinyent.com\/index.php\/wp-json\/wp\/v2\/pages"}],"about":[{"href":"https:\/\/www.cofradiasontinyent.com\/index.php\/wp-json\/wp\/v2\/types\/page"}],"author":[{"embeddable":true,"href":"https:\/\/www.cofradiasontinyent.com\/index.php\/wp-json\/wp\/v2\/users\/1"}],"replies":[{"embeddable":true,"href":"https:\/\/www.cofradiasontinyent.com\/index.php\/wp-json\/wp\/v2\/comments?post=323"}],"version-history":[{"count":10,"href":"https:\/\/www.cofradiasontinyent.com\/index.php\/wp-json\/wp\/v2\/pages\/323\/revisions"}],"predecessor-version":[{"id":3976,"href":"https:\/\/www.cofradiasontinyent.com\/index.php\/wp-json\/wp\/v2\/pages\/323\/revisions\/3976"}],"wp:attachment":[{"href":"https:\/\/www.cofradiasontinyent.com\/index.php\/wp-json\/wp\/v2\/media?parent=323"}],"curies":[{"name":"wp","href":"https:\/\/api.w.org\/{rel}","templated":true}]}}