{"id":335,"date":"2022-12-26T08:44:01","date_gmt":"2022-12-26T08:44:01","guid":{"rendered":"http:\/\/51.75.204.15\/?page_id=335"},"modified":"2025-03-27T09:27:10","modified_gmt":"2025-03-27T09:27:10","slug":"contacto","status":"publish","type":"page","link":"https:\/\/www.cofradiasontinyent.com\/index.php\/contacto\/","title":{"rendered":"Contacto"},"content":{"rendered":"<p>[vc_row css_animation=\u00bb\u00bb row_type=\u00bbrow\u00bb use_row_as_full_screen_section=\u00bbno\u00bb type=\u00bbfull_width\u00bb angled_section=\u00bbno\u00bb text_align=\u00bbleft\u00bb background_image_as_pattern=\u00bbwithout_pattern\u00bb css=\u00bb.vc_custom_1521812392429{padding-top: 130px !important;background-color: #ffffff !important;}\u00bb z_index=\u00bb\u00bb][vc_column][vc_separator type=\u00bbtransparent\u00bb][vc_separator type=\u00bbtransparent\u00bb][vc_separator type=\u00bbtransparent\u00bb][vc_separator type=\u00bbtransparent\u00bb][vc_separator type=\u00bbtransparent\u00bb][vc_separator type=\u00bbtransparent\u00bb][vc_row_inner row_type=\u00bbrow\u00bb type=\u00bbgrid\u00bb text_align=\u00bbleft\u00bb css_animation=\u00bb\u00bb css=\u00bb.vc_custom_1521812433367{padding-bottom: 40px !important;}\u00bb][vc_column_inner width=\u00bb1\/6&#8243;][\/vc_column_inner][vc_column_inner width=\u00bb2\/6&#8243;][vc_separator type=\u00bbtransparent\u00bb][vc_column_text]<span style=\"color: #000099;\"><span style=\"font-size: x-large;\"><b><span style=\"color: #ffffff;\">_<\/span>Junta de Hermandades y Cofrad\u00edas Ontinyent<\/b><\/span><\/span><\/p>\n<p><span style=\"font-size: large;\"><b><span style=\"color: #ffffff;\">__<\/span><span style=\"color: #000000;\">C\/ Arzobispo Segria, 12 | 46870<\/span><\/b><\/span><\/p>\n<p><span style=\"font-size: large;\"><b><span style=\"color: #ffffff;\">__<\/span><span style=\"color: #000000;\">Ontinyent (Valencia)<\/span><\/b><\/span><\/p>\n<p><span style=\"font-size: large;\"><b><span style=\"color: #ffffff;\">__<\/span><span style=\"color: #000000;\">Tfno 652 30 34 70<\/span><\/b><\/span><\/p>\n<p><span style=\"font-size: large;\"><b><span style=\"color: #ffffff;\">__<\/span><span style=\"color: #0000ff;\">semanasantaontinyent@gmail.com<\/span><\/b><\/span><\/p>\n<p><span style=\"color: #ffffff;\"><span style=\"font-family: Poplar Std, fantasy;\"><span style=\"font-size: xx-large;\"><span lang=\"es-ES\"><b>_<\/b><\/span><\/span><\/span><\/span><span style=\"color: #000000;\"><span style=\"font-family: Poplar Std, fantasy;\"><span style=\"font-size: xx-large;\"><span lang=\"es-ES\"><b> f<\/b><\/span><\/span><\/span><\/span><b> <\/b><span style=\"color: #000000;\"><span style=\"font-family: Times New Roman, serif;\"><span style=\"font-size: medium;\"><span lang=\"es-ES\"><b>Junta Cofrad\u00edas Ontinyent <\/b><\/span><\/span><\/span><\/span>[\/vc_column_text][vc_separator type=\u00bbtransparent\u00bb][vc_separator type=\u00bbtransparent\u00bb][vc_separator type=\u00bbtransparent\u00bb][vc_single_image image=\u00bb3479&#8243; img_size=\u00bbfull\u00bb alignment=\u00bbcenter\u00bb onclick=\u00bbimg_link_large\u00bb qode_css_animation=\u00bb\u00bb][vc_separator type=\u00bbtransparent\u00bb][vc_separator type=\u00bbtransparent\u00bb][vc_separator type=\u00bbtransparent\u00bb][vc_single_image image=\u00bb3480&#8243; img_size=\u00bbfull\u00bb alignment=\u00bbcenter\u00bb onclick=\u00bbimg_link_large\u00bb qode_css_animation=\u00bb\u00bb][\/vc_column_inner][vc_column_inner width=\u00bb2\/6&#8243;][vc_column_text]<\/p>\n<p align=\"center\"><span style=\"font-size: large; color: #000080;\"><b>HAZTE SOCIO<\/b><\/span><\/p>\n<p><span style=\"font-family: 'times new roman', times;\"><span style=\"color: #000000;\">En la hist\u00f3rica ciudad de Ontinyent, cada Semana Santa se convierte en un testimonio vivo de devoci\u00f3n, tradici\u00f3n y hermandad. Las calles resuenan con el eco de los tambores, los cirios iluminan la noche y el fervor de los cofrades da vida a una de las celebraciones m\u00e1s emotivas del a\u00f1o.<\/span><\/span><\/p>\n<p><span style=\"font-family: 'times new roman', times;\"><span style=\"color: #000000;\">Detr\u00e1s de cada procesi\u00f3n, de cada imagen que recorre la ciudad, hay un esfuerzo incansable por mantener viva esta tradici\u00f3n que nos une a todos. Pero para que esto siga siendo posible, necesitamos tu ayuda.<\/span><\/span><\/p>\n<p><span style=\"font-family: 'times new roman', times;\"><span style=\"color: #000000;\">Por tan solo 10 \u20ac al a\u00f1o, puedes convertirte en socio de la Junta de Hermandades y Cofrad\u00edas de Ontinyent y contribuir a que la Semana Santa siga brillando con la misma pasi\u00f3n de siempre. Con tu apoyo, ayudamos a preservar las im\u00e1genes, a organizar los actos y a transmitir esta herencia a las futuras generaciones.<\/span><\/span><\/p>\n<p><span style=\"font-family: 'times new roman', times;\"><span style=\"color: #000000;\">Tendr\u00e1s derecho a recibir el libro programa que edita la Junta todos los a\u00f1os. Podr\u00e1s participar en los actos que se organizan, y tendr\u00e1s informaci\u00f3n actualizada de los mismos incorpor\u00e1ndote a el grupo de WhatsApp del socio.<\/span><\/span><\/p>\n<p><span style=\"font-family: 'times new roman', times;\"><span style=\"color: #000000;\">Si decides incorporarte a alguna de las cofrad\u00edas, la cuota de socio, estar\u00e1 incluida en la cuota correspondiente de cada cofrad\u00eda<\/span><\/span><\/p>\n<p><span style=\"font-family: 'times new roman', times;\"><span style=\"color: #000000;\">Ser socio no es solo una colaboraci\u00f3n econ\u00f3mica; es formar parte de una gran familia que trabaja por mantener viva nuestra historia y fe. Es saber que, gracias a ti, los pasos seguir\u00e1n recorriendo nuestras calles, las bandas seguir\u00e1n tocando y cada detalle seguir\u00e1 emocionando a quienes viven la Semana Santa con pasi\u00f3n.<\/span><\/span><\/p>\n<p><span style=\"font-family: 'times new roman', times;\"><span style=\"color: #000000;\">S\u00famate a esta causa y haz que la Semana Santa de Ontinyent siga siendo un legado de todos. Tu aportaci\u00f3n marca la diferencia. \u00a1Hazte socio hoy mismo!<\/span><\/span><\/p>\n<p><span style=\"font-family: 'times new roman', times;\"><span style=\"color: #000000;\">Llama al tfno <strong>652 30 34 70<\/strong> o env\u00eda un email a<\/span> <span style=\"color: #0000ff;\"><strong><a style=\"color: #0000ff;\" href=\"mailto:semanasantaontinyent@gmail.com\">semanasantaontinyent@gmail.com<\/a> <\/strong><\/span><span style=\"color: #000000;\">y nos pondremos en contacto contigo.<\/span><\/span>[\/vc_column_text][\/vc_column_inner][vc_column_inner width=\u00bb1\/6&#8243;][\/vc_column_inner][\/vc_row_inner][vc_row_inner row_type=\u00bbrow\u00bb type=\u00bbgrid\u00bb text_align=\u00bbleft\u00bb css_animation=\u00bb\u00bb css=\u00bb.vc_custom_1521812433367{padding-bottom: 40px !important;}\u00bb][vc_column_inner][vc_separator type=\u00bbtransparent\u00bb][vc_separator type=\u00bbtransparent\u00bb][vc_separator type=\u00bbtransparent\u00bb][vc_separator type=\u00bbtransparent\u00bb][vc_separator type=\u00bbtransparent\u00bb][vc_separator type=\u00bbtransparent\u00bb][\/vc_column_inner][\/vc_row_inner][\/vc_column][\/vc_row]<\/p>\n","protected":false},"excerpt":{"rendered":"<p>[vc_row css_animation=\u00bb\u00bb row_type=\u00bbrow\u00bb use_row_as_full_screen_section=\u00bbno\u00bb type=\u00bbfull_width\u00bb angled_section=\u00bbno\u00bb text_align=\u00bbleft\u00bb background_image_as_pattern=\u00bbwithout_pattern\u00bb css=\u00bb.vc_custom_1521812392429{padding-top: 130px !important;background-color: #ffffff !important;}\u00bb z_index=\u00bb\u00bb][vc_column][vc_separator type=\u00bbtransparent\u00bb][vc_separator type=\u00bbtransparent\u00bb][vc_separator type=\u00bbtransparent\u00bb][vc_separator type=\u00bbtransparent\u00bb][vc_separator type=\u00bbtransparent\u00bb][vc_separator type=\u00bbtransparent\u00bb][vc_row_inner row_type=\u00bbrow\u00bb type=\u00bbgrid\u00bb text_align=\u00bbleft\u00bb css_animation=\u00bb\u00bb css=\u00bb.vc_custom_1521812433367{padding-bottom: 40px !important;}\u00bb][vc_column_inner width=\u00bb1\/6&#8243;][\/vc_column_inner][vc_column_inner width=\u00bb2\/6&#8243;][vc_separator type=\u00bbtransparent\u00bb][vc_column_text]_Junta de Hermandades y Cofrad\u00edas Ontinyent __C\/ Arzobispo Segria, 12 | 46870 __Ontinyent (Valencia) __Tfno 652&#8230;<\/p>\n","protected":false},"author":1,"featured_media":0,"parent":0,"menu_order":0,"comment_status":"closed","ping_status":"closed","template":"full_width.php","meta":{"footnotes":""},"class_list":["post-335","page","type-page","status-publish","hentry"],"_links":{"self":[{"href":"https:\/\/www.cofradiasontinyent.com\/index.php\/wp-json\/wp\/v2\/pages\/335","targetHints":{"allow":["GET"]}}],"collection":[{"href":"https:\/\/www.cofradiasontinyent.com\/index.php\/wp-json\/wp\/v2\/pages"}],"about":[{"href":"https:\/\/www.cofradiasontinyent.com\/index.php\/wp-json\/wp\/v2\/types\/page"}],"author":[{"embeddable":true,"href":"https:\/\/www.cofradiasontinyent.com\/index.php\/wp-json\/wp\/v2\/users\/1"}],"replies":[{"embeddable":true,"href":"https:\/\/www.cofradiasontinyent.com\/index.php\/wp-json\/wp\/v2\/comments?post=335"}],"version-history":[{"count":13,"href":"https:\/\/www.cofradiasontinyent.com\/index.php\/wp-json\/wp\/v2\/pages\/335\/revisions"}],"predecessor-version":[{"id":3482,"href":"https:\/\/www.cofradiasontinyent.com\/index.php\/wp-json\/wp\/v2\/pages\/335\/revisions\/3482"}],"wp:attachment":[{"href":"https:\/\/www.cofradiasontinyent.com\/index.php\/wp-json\/wp\/v2\/media?parent=335"}],"curies":[{"name":"wp","href":"https:\/\/api.w.org\/{rel}","templated":true}]}}