{"id":3612,"date":"2025-07-14T14:57:13","date_gmt":"2025-07-14T14:57:13","guid":{"rendered":"https:\/\/www.cofradiasontinyent.com\/?page_id=3612"},"modified":"2025-10-26T15:51:25","modified_gmt":"2025-10-26T15:51:25","slug":"cronica-2025","status":"publish","type":"page","link":"https:\/\/www.cofradiasontinyent.com\/index.php\/cronica-2025\/","title":{"rendered":"Cronica 2025"},"content":{"rendered":"<p>[vc_row css_animation=\u00bb\u00bb row_type=\u00bbrow\u00bb use_row_as_full_screen_section=\u00bbno\u00bb type=\u00bbfull_width\u00bb angled_section=\u00bbno\u00bb text_align=\u00bbleft\u00bb background_image_as_pattern=\u00bbwithout_pattern\u00bb css=\u00bb.vc_custom_1521812392429{padding-top: 130px !important;background-color: #ffffff !important;}\u00bb z_index=\u00bb\u00bb][vc_column][vc_separator type=\u00bbtransparent\u00bb][vc_row_inner row_type=\u00bbrow\u00bb type=\u00bbgrid\u00bb text_align=\u00bbleft\u00bb css_animation=\u00bb\u00bb css=\u00bb.vc_custom_1521812433367{padding-bottom: 40px !important;}\u00bb][vc_column_inner width=\u00bb1\/6&#8243;][\/vc_column_inner][vc_column_inner width=\u00bb4\/6&#8243;][vc_column_text]<\/p>\n<p class=\"western\" style=\"text-align: center;\"><span style=\"color: #000099;\"><span style=\"font-size: x-large;\"><b>Cr\u00f3nica de la Semana Santa 2025<\/b><\/span><\/span><\/p>\n<p>[\/vc_column_text][\/vc_column_inner][vc_column_inner width=\u00bb1\/6&#8243;][\/vc_column_inner][\/vc_row_inner][vc_row_inner row_type=\u00bbrow\u00bb type=\u00bbgrid\u00bb text_align=\u00bbleft\u00bb css_animation=\u00bb\u00bb css=\u00bb.vc_custom_1521812433367{padding-bottom: 40px !important;}\u00bb][vc_column_inner width=\u00bb1\/6&#8243;][\/vc_column_inner][vc_column_inner width=\u00bb3\/6&#8243;][vc_column_text]<\/p>\n<p lang=\"es-ES\" style=\"text-align: center;\"><b><\/b><b style=\"font-size: large; color: #000099;\">Presentaci\u00f3n cartel y programa 2025<\/b><\/p>\n<p>[\/vc_column_text][vc_gallery type=\u00bbflexslider_slide\u00bb interval=\u00bb3&#8243; images=\u00bb3616,3617,3618,3619,3620,3621,3622,3623,3624,3625,3626,3627,3628,3629,3630,3631,3632,3633,3634,3635,3636,3637,3638,3639,3640,3641,3642,3643,3644,3645,3646,3922&#8243; img_size=\u00bbfull\u00bb onclick=\u00bbimg_link_large\u00bb][\/vc_column_inner][vc_column_inner width=\u00bb1\/6&#8243;][vc_column_text]<span style=\"color: #000000;\">El domingo 20 de abril con el Encuentro Glorioso termin\u00f3 nuestra Semana Santa.<\/span><\/p>\n<p><span style=\"color: #000000;\">Desde que el d\u00eda 5 de marzo Mi\u00e9rcoles de Ceniza comenz\u00f3 la Cuaresma, muchos han sido los actos que la Semana Santa d\u2019Ontinyent ha organizado.<\/span><\/p>\n<p><span style=\"color: #000000;\">El 8 de marzo comenzamos las celebraciones en la ciudad d\u2019Ontinyent con la presentaci\u00f3n del Cartel y Libro-programa. Este a\u00f1o hubo novedades ya que, despu\u00e9s de la presentaci\u00f3n, el Dr. Alfred Bernabeu nos imparti\u00f3 una conferencia sobre \u201cLas antiguas cofrad\u00edas d\u2019Ontinyent\u201d con gran participaci\u00f3n de p\u00fablico, puesto que superamos el aforo del Centro Cultural Caixa Ontinyent.<\/span><\/p>\n<p>[\/vc_column_text][\/vc_column_inner][vc_column_inner width=\u00bb1\/6&#8243;][\/vc_column_inner][\/vc_row_inner][vc_row_inner row_type=\u00bbrow\u00bb type=\u00bbgrid\u00bb text_align=\u00bbleft\u00bb css_animation=\u00bb\u00bb css=\u00bb.vc_custom_1521812433367{padding-bottom: 40px !important;}\u00bb][vc_column_inner width=\u00bb1\/6&#8243;][\/vc_column_inner][vc_column_inner width=\u00bb3\/6&#8243;][vc_column_text]<\/p>\n<p lang=\"es-ES\" style=\"text-align: center;\"><span style=\"color: #000099;\"><span style=\"font-size: large;\"><b>Matinal infantil<\/b><\/span><\/span><\/p>\n<p>[\/vc_column_text][vc_gallery type=\u00bbflexslider_slide\u00bb interval=\u00bb3&#8243; images=\u00bb3712,3713,3714,3715,3716,3717,3718,3719,3720,3721,3722,3723,3724,3725,3726,3727,3728,3729,3730,3923&#8243; img_size=\u00bbfull\u00bb onclick=\u00bbimg_link_large\u00bb][vc_column_text]<\/p>\n<p lang=\"es-ES\" style=\"text-align: center;\"><span style=\"color: #000099;\"><span style=\"font-size: large;\"><b>Concierto de m\u00fasica sacra<\/b><\/span><\/span><\/p>\n<p>[\/vc_column_text][vc_gallery type=\u00bbflexslider_slide\u00bb interval=\u00bb3&#8243; images=\u00bb3731,3732,3733,3734,3735,3736,3737,3738,3739,3740,3741,3742,3743,3744,3745,3746,3924&#8243; img_size=\u00bbfull\u00bb onclick=\u00bbimg_link_large\u00bb][\/vc_column_inner][vc_column_inner width=\u00bb1\/6&#8243;][vc_column_text]<span style=\"color: #000000;\">El s\u00e1bado 22 los ni\u00f1os se lo pasaron muy bien con un espect\u00e1culo de Magia que preparamos para ellos y por supuesto, con nuestro tradicional chocolate y torrijas, que se repartieron entre los asistentes.<\/span><\/p>\n<p><span style=\"color: #000000;\">El 30 de marzo celebramos un concierto en la Iglesia de Santa Mar\u00eda, donde el Nou Orfe\u00f3 con la colaboraci\u00f3n del Cor de cambra A Capela, interpretaron la obra \u201cREQUIEM\u201d del compositor Gabriel Faur\u00e9.<\/span><\/p>\n<p>[\/vc_column_text][\/vc_column_inner][vc_column_inner width=\u00bb1\/6&#8243;][\/vc_column_inner][\/vc_row_inner][vc_row_inner row_type=\u00bbrow\u00bb type=\u00bbgrid\u00bb text_align=\u00bbleft\u00bb css_animation=\u00bb\u00bb css=\u00bb.vc_custom_1521812433367{padding-bottom: 40px !important;}\u00bb][vc_column_inner width=\u00bb1\/6&#8243;][\/vc_column_inner][vc_column_inner width=\u00bb3\/6&#8243;][vc_column_text]<\/p>\n<p lang=\"es-ES\" style=\"text-align: center;\"><span style=\"color: #000099;\"><span style=\"font-size: large;\"><b>Preg\u00f3n Semana Santa 2025<\/b><\/span><\/span><\/p>\n<p>[\/vc_column_text][vc_gallery type=\u00bbflexslider_slide\u00bb interval=\u00bb3&#8243; images=\u00bb3749,3750,3751,3752,3753,3754,3755,3756,3757,3758,3759,3760,3761,3762,3763,3764,3765,3766,3767,3768,3769,3770,3771,3772,3773,3774,3775,3776,3777,3778,3779,3780,3781,3782,3783,3925&#8243; img_size=\u00bbfull\u00bb onclick=\u00bbimg_link_large\u00bb][\/vc_column_inner][vc_column_inner width=\u00bb1\/6&#8243;][vc_column_text]<span style=\"color: #000000;\">Este a\u00f1o y por la existencia de muchas celebraciones ajenas a la Semana Santa, el Preg\u00f3n se realiz\u00f3 el domingo 6 de abril. El pregonero ha sido D. Andr\u00e9s Naval\u00f3n Insa, Director del Colegio Santa Mar\u00eda, qui\u00e9n nos plante\u00f3 una Semana Santa desde un punto de vista diferente, ya que nos present\u00f3 como ven los ni\u00f1os nuestras celebraciones.<\/span><\/p>\n<p>[\/vc_column_text][\/vc_column_inner][vc_column_inner width=\u00bb1\/6&#8243;][\/vc_column_inner][\/vc_row_inner][vc_row_inner row_type=\u00bbrow\u00bb type=\u00bbgrid\u00bb text_align=\u00bbleft\u00bb css_animation=\u00bb\u00bb css=\u00bb.vc_custom_1521812433367{padding-bottom: 40px !important;}\u00bb][vc_column_inner width=\u00bb1\/6&#8243;][\/vc_column_inner][vc_column_inner width=\u00bb3\/6&#8243;][vc_column_text]<\/p>\n<p lang=\"es-ES\" style=\"text-align: center;\"><span style=\"color: #000099;\"><span style=\"font-size: large;\"><b>Desfile de bandas<\/b><\/span><\/span><\/p>\n<p>[\/vc_column_text][vc_gallery type=\u00bbflexslider_slide\u00bb interval=\u00bb3&#8243; images=\u00bb3786,3787,3788,3789,3790,3791,3792,3793,3794,3795,3796,3797,3798,3799,3800,3801,3802,3803,3804,3805,3807,3806,3808,3809&#8243; img_size=\u00bbfull\u00bb onclick=\u00bbimg_link_large\u00bb][vc_column_text]<\/p>\n<p lang=\"es-ES\" style=\"text-align: center;\"><span style=\"color: #000099;\"><span style=\"font-size: large;\"><b>Desfile Cristo de la Paz<\/b><\/span><\/span><\/p>\n<p>[\/vc_column_text][vc_gallery type=\u00bbflexslider_slide\u00bb interval=\u00bb3&#8243; images=\u00bb3811,3812,3813,3814,3815,3816,3817,3818,3819,3820&#8243; img_size=\u00bbfull\u00bb onclick=\u00bbimg_link_large\u00bb][vc_column_text]<\/p>\n<p lang=\"es-ES\" style=\"text-align: center;\"><span style=\"color: #000099;\"><span style=\"font-size: large;\"><b>Bendici\u00f3n de ramos en Santa Mar\u00eda<\/b><\/span><\/span><\/p>\n<p>[\/vc_column_text][vc_gallery type=\u00bbflexslider_slide\u00bb interval=\u00bb3&#8243; images=\u00bb3822,3823,3824,3825,3826,3827,3828,3829,3830,3831&#8243; img_size=\u00bbfull\u00bb onclick=\u00bbimg_link_large\u00bb][vc_column_text]<\/p>\n<p lang=\"es-ES\" style=\"text-align: center;\"><span style=\"color: #000099;\"><span style=\"font-size: large;\"><b>Via Crucis por el Llombo<\/b><\/span><\/span><\/p>\n<p>[\/vc_column_text][vc_gallery type=\u00bbflexslider_slide\u00bb interval=\u00bb3&#8243; images=\u00bb3833,3834,3835,3836,3837,3838,3839,3840,3841,3842&#8243; img_size=\u00bbfull\u00bb onclick=\u00bbimg_link_large\u00bb][\/vc_column_inner][vc_column_inner width=\u00bb1\/6&#8243;][vc_column_text]<span style=\"color: #000000;\">Con la celebraci\u00f3n de la Misa por nuestros difuntos y despu\u00e9s el desfile de bandas, llegamos al 13 de abril donde con la celebraci\u00f3n del Domingo de Ramos iniciamos la conmemoraci\u00f3n de la Pasi\u00f3n, Muerte y Resurrecci\u00f3n de Cristo.<\/span><\/p>\n<p>[\/vc_column_text][\/vc_column_inner][vc_column_inner width=\u00bb1\/6&#8243;][\/vc_column_inner][\/vc_row_inner][vc_row_inner row_type=\u00bbrow\u00bb type=\u00bbgrid\u00bb text_align=\u00bbleft\u00bb css_animation=\u00bb\u00bb css=\u00bb.vc_custom_1521812433367{padding-bottom: 40px !important;}\u00bb][vc_column_inner width=\u00bb1\/6&#8243;][\/vc_column_inner][vc_column_inner width=\u00bb3\/6&#8243;][vc_column_text]<\/p>\n<p lang=\"es-ES\" style=\"text-align: center;\"><span style=\"color: #000099;\"><span style=\"font-size: large;\"><b>Procesi\u00f3n del Silencio<\/b><\/span><\/span><\/p>\n<p>[\/vc_column_text][vc_gallery type=\u00bbflexslider_slide\u00bb interval=\u00bb3&#8243; images=\u00bb3845,3846,3847,3848,3849,3850,3851,3852,3854,3853,3855,3856,3857,3858,3859,3860&#8243; img_size=\u00bbfull\u00bb onclick=\u00bbimg_link_large\u00bb][vc_column_text]<\/p>\n<p lang=\"es-ES\" style=\"text-align: center;\"><span style=\"color: #000099;\"><span style=\"font-size: large;\"><b>Traslados y Encuentro Doloroso<\/b><\/span><\/span><\/p>\n<p>[\/vc_column_text][vc_gallery type=\u00bbflexslider_slide\u00bb interval=\u00bb3&#8243; images=\u00bb3862,3863,3864,3865,3866,3867,3868,3869,3870,3871&#8243; img_size=\u00bbfull\u00bb onclick=\u00bbimg_link_large\u00bb][vc_column_text]<\/p>\n<p lang=\"es-ES\" style=\"text-align: center;\"><b><\/b><b style=\"font-size: large; color: #000099;\">Procesi\u00f3n del Santo Entierro<\/b><\/p>\n<p>[\/vc_column_text][vc_gallery type=\u00bbflexslider_slide\u00bb interval=\u00bb3&#8243; images=\u00bb3873,3874,3875,3876,3877,3878,3879,3880,3881,3882,3883,3884,3885,3886,3887,3888&#8243; img_size=\u00bbfull\u00bb onclick=\u00bbimg_link_large\u00bb][\/vc_column_inner][vc_column_inner width=\u00bb1\/6&#8243;][vc_column_text]<span style=\"color: #000000;\">Los actos ya los conocen todos. Procesi\u00f3n del Silencio, traslados de im\u00e1genes desde sus lugares de culto al convento de la Pur\u00edsima Sangre o a la iglesia de Santa Mar\u00eda, Encuentro Doloroso y ya por la tarde a las 19h Procesi\u00f3n del Santo Entierro. Es en esta procesi\u00f3n donde podemos ver en im\u00e1genes lo que fue el calvario que vivi\u00f3 Jesucristo por nosotros.<\/span><\/p>\n<p>[\/vc_column_text][\/vc_column_inner][vc_column_inner width=\u00bb1\/6&#8243;][\/vc_column_inner][\/vc_row_inner][vc_row_inner row_type=\u00bbrow\u00bb type=\u00bbgrid\u00bb text_align=\u00bbleft\u00bb css_animation=\u00bb\u00bb css=\u00bb.vc_custom_1521812433367{padding-bottom: 40px !important;}\u00bb][vc_column_inner width=\u00bb1\/6&#8243;][\/vc_column_inner][vc_column_inner width=\u00bb3\/6&#8243;][vc_column_text]<\/p>\n<p lang=\"es-ES\" style=\"text-align: center;\"><span style=\"color: #000099;\"><span style=\"font-size: large;\"><b>Oficio de tinieblas<\/b><\/span><\/span><\/p>\n<p>[\/vc_column_text][vc_gallery type=\u00bbflexslider_slide\u00bb interval=\u00bb3&#8243; images=\u00bb3891,3892,3893,3894,3895,3896,3897,3898&#8243; img_size=\u00bbfull\u00bb onclick=\u00bbimg_link_large\u00bb][vc_column_text]<\/p>\n<p lang=\"es-ES\" style=\"text-align: center;\"><span style=\"color: #000099;\"><span style=\"font-size: large;\"><b>Encuentro glorioso<\/b><\/span><\/span><\/p>\n<p>[\/vc_column_text][vc_gallery type=\u00bbflexslider_slide\u00bb interval=\u00bb3&#8243; images=\u00bb3900,3901,3902,3903,3904,3905,3906,3907,3908,3909,3910,3911&#8243; img_size=\u00bbfull\u00bb onclick=\u00bbimg_link_large\u00bb][\/vc_column_inner][vc_column_inner width=\u00bb1\/6&#8243;][vc_column_text]<span style=\"color: #000000;\">El s\u00e1bado velamos el cuerpo de Cristo en el oficio de Tinieblas y el domingo celebramos su Resurrecci\u00f3n.<\/span><\/p>\n<p><span style=\"color: #000000;\">Desde aqu\u00ed quiero agradecer a todas las hermandades y cofrad\u00edas el esfuerzo que hacen para conservar una tradici\u00f3n tan antigua como la Semana Santa d\u2019Ontinyent.<\/span><\/p>\n<p><span style=\"color: #000000;\">Tambi\u00e9n quiero agradecer al Ayuntamiento, especialmente a la Polic\u00eda Local y a la brigada de Obras , por su trabajo. Sin su colaboraci\u00f3n ser\u00eda imposible realizar los actos que programamos en las calles.<\/span><\/p>\n<p>[\/vc_column_text][\/vc_column_inner][vc_column_inner width=\u00bb1\/6&#8243;][\/vc_column_inner][\/vc_row_inner][vc_row_inner row_type=\u00bbrow\u00bb type=\u00bbgrid\u00bb text_align=\u00bbleft\u00bb css_animation=\u00bb\u00bb css=\u00bb.vc_custom_1521812433367{padding-bottom: 40px !important;}\u00bb][vc_column_inner width=\u00bb5\/12&#8243;][\/vc_column_inner][vc_column_inner width=\u00bb3\/12&#8243;][vc_separator type=\u00bbtransparent\u00bb][vc_separator type=\u00bbtransparent\u00bb][layerslider_vc id=\u00bb1&#8243;][\/vc_column_inner][vc_column_inner width=\u00bb4\/12&#8243;][\/vc_column_inner][\/vc_row_inner][vc_row_inner row_type=\u00bbrow\u00bb type=\u00bbgrid\u00bb text_align=\u00bbleft\u00bb css_animation=\u00bb\u00bb css=\u00bb.vc_custom_1521812433367{padding-bottom: 40px !important;}\u00bb][vc_column_inner][vc_separator type=\u00bbtransparent\u00bb][vc_separator type=\u00bbtransparent\u00bb][vc_separator type=\u00bbtransparent\u00bb][vc_separator type=\u00bbtransparent\u00bb][vc_separator type=\u00bbtransparent\u00bb][vc_separator type=\u00bbtransparent\u00bb][\/vc_column_inner][\/vc_row_inner][\/vc_column][\/vc_row]<\/p>\n","protected":false},"excerpt":{"rendered":"<p>[vc_row css_animation=\u00bb\u00bb row_type=\u00bbrow\u00bb use_row_as_full_screen_section=\u00bbno\u00bb type=\u00bbfull_width\u00bb angled_section=\u00bbno\u00bb text_align=\u00bbleft\u00bb background_image_as_pattern=\u00bbwithout_pattern\u00bb css=\u00bb.vc_custom_1521812392429{padding-top: 130px !important;background-color: #ffffff !important;}\u00bb z_index=\u00bb\u00bb][vc_column][vc_separator type=\u00bbtransparent\u00bb][vc_row_inner row_type=\u00bbrow\u00bb type=\u00bbgrid\u00bb text_align=\u00bbleft\u00bb css_animation=\u00bb\u00bb css=\u00bb.vc_custom_1521812433367{padding-bottom: 40px !important;}\u00bb][vc_column_inner width=\u00bb1\/6&#8243;][\/vc_column_inner][vc_column_inner width=\u00bb4\/6&#8243;][vc_column_text] Cr\u00f3nica de la Semana Santa 2025 [\/vc_column_text][\/vc_column_inner][vc_column_inner width=\u00bb1\/6&#8243;][\/vc_column_inner][\/vc_row_inner][vc_row_inner row_type=\u00bbrow\u00bb type=\u00bbgrid\u00bb text_align=\u00bbleft\u00bb css_animation=\u00bb\u00bb css=\u00bb.vc_custom_1521812433367{padding-bottom: 40px !important;}\u00bb][vc_column_inner width=\u00bb1\/6&#8243;][\/vc_column_inner][vc_column_inner width=\u00bb3\/6&#8243;][vc_column_text] Presentaci\u00f3n cartel y programa&#8230;<\/p>\n","protected":false},"author":1,"featured_media":0,"parent":0,"menu_order":0,"comment_status":"closed","ping_status":"closed","template":"full_width.php","meta":{"footnotes":""},"class_list":["post-3612","page","type-page","status-publish","hentry"],"_links":{"self":[{"href":"https:\/\/www.cofradiasontinyent.com\/index.php\/wp-json\/wp\/v2\/pages\/3612","targetHints":{"allow":["GET"]}}],"collection":[{"href":"https:\/\/www.cofradiasontinyent.com\/index.php\/wp-json\/wp\/v2\/pages"}],"about":[{"href":"https:\/\/www.cofradiasontinyent.com\/index.php\/wp-json\/wp\/v2\/types\/page"}],"author":[{"embeddable":true,"href":"https:\/\/www.cofradiasontinyent.com\/index.php\/wp-json\/wp\/v2\/users\/1"}],"replies":[{"embeddable":true,"href":"https:\/\/www.cofradiasontinyent.com\/index.php\/wp-json\/wp\/v2\/comments?post=3612"}],"version-history":[{"count":25,"href":"https:\/\/www.cofradiasontinyent.com\/index.php\/wp-json\/wp\/v2\/pages\/3612\/revisions"}],"predecessor-version":[{"id":3927,"href":"https:\/\/www.cofradiasontinyent.com\/index.php\/wp-json\/wp\/v2\/pages\/3612\/revisions\/3927"}],"wp:attachment":[{"href":"https:\/\/www.cofradiasontinyent.com\/index.php\/wp-json\/wp\/v2\/media?parent=3612"}],"curies":[{"name":"wp","href":"https:\/\/api.w.org\/{rel}","templated":true}]}}