{"id":508,"date":"2022-12-28T15:18:13","date_gmt":"2022-12-28T15:18:13","guid":{"rendered":"http:\/\/51.75.204.15\/?page_id=508"},"modified":"2025-03-26T09:35:56","modified_gmt":"2025-03-26T09:35:56","slug":"nazareno_composicion","status":"publish","type":"page","link":"https:\/\/www.cofradiasontinyent.com\/index.php\/nazareno_composicion\/","title":{"rendered":"Nazareno_composicion"},"content":{"rendered":"<p>[vc_row css_animation=\u00bb\u00bb row_type=\u00bbrow\u00bb use_row_as_full_screen_section=\u00bbno\u00bb type=\u00bbfull_width\u00bb angled_section=\u00bbno\u00bb text_align=\u00bbleft\u00bb background_image_as_pattern=\u00bbwithout_pattern\u00bb css=\u00bb.vc_custom_1521812392429{padding-top: 130px !important;background-color: #ffffff !important;}\u00bb z_index=\u00bb\u00bb][vc_column][vc_separator type=\u00bbtransparent\u00bb][vc_row_inner row_type=\u00bbrow\u00bb type=\u00bbgrid\u00bb text_align=\u00bbleft\u00bb css_animation=\u00bb\u00bb css=\u00bb.vc_custom_1521812433367{padding-bottom: 40px !important;}\u00bb][vc_column_inner width=\u00bb1\/6&#8243;][\/vc_column_inner][vc_column_inner width=\u00bb4\/6&#8243;][vc_column_text]<\/p>\n<p lang=\"zxx\" style=\"text-align: center;\"><span style=\"color: #000099;\"><span style=\"font-size: xx-large;\"><b>Cofrad\u00eda Nuestro Padre Jes\u00fas Nazareno y Cristo de la Paz en su entrada a Jerusal\u00e9n<\/b><\/span><\/span><\/p>\n<p>[\/vc_column_text][vc_single_image image=\u00bb941&#8243; img_size=\u00bbfull\u00bb alignment=\u00bbcenter\u00bb onclick=\u00bbimg_link_large\u00bb qode_css_animation=\u00bb\u00bb][vc_separator type=\u00bbtransparent\u00bb][vc_separator type=\u00bbtransparent\u00bb][\/vc_column_inner][vc_column_inner width=\u00bb1\/6&#8243;][\/vc_column_inner][\/vc_row_inner][vc_row_inner row_type=\u00bbrow\u00bb type=\u00bbgrid\u00bb text_align=\u00bbleft\u00bb css_animation=\u00bb\u00bb css=\u00bb.vc_custom_1521812433367{padding-bottom: 40px !important;}\u00bb][vc_column_inner width=\u00bb1\/6&#8243;][\/vc_column_inner][vc_column_inner width=\u00bb2\/6&#8243;][vc_column_text]<span style=\"color: #0000cc;\"><span style=\"font-family: Times New Roman, serif;\"><span style=\"font-size: x-large;\"><span style=\"color: #ffffff;\"><b>\u00a0<\/b><\/span><\/span><\/span><\/span><span style=\"color: #0000cc;\"><span style=\"font-family: Times New Roman, serif;\"><span style=\"font-size: x-large;\"><span style=\"color: #ffffff;\"><b>_<\/b><\/span><b>\u00abNuestro Padre Jesus\u00bb<\/b><\/span><\/span><\/span><\/p>\n<p><span style=\"color: #0000cc;\"><span style=\"font-family: Times New Roman, serif;\"><span style=\"font-size: x-large;\"><b><span style=\"color: #ffffff;\">_<\/span>El Pas dels Fusters i dels Obrers<\/b><\/span><\/span><\/span><\/p>\n<p><span style=\"color: #000000;\"><span style=\"font-family: Times New Roman, serif;\"><span style=\"font-size: large;\"><b><span style=\"color: #ffffff;\">_<\/span>Fundada el 1942<\/b><\/span><\/span><\/span><\/p>\n<p><span style=\"font-family: Times New Roman, serif;\"><span style=\"font-size: large;\"><b><span style=\"color: #ffffff;\">_<\/span><span style=\"color: #0000cc;\">Presidenta:<\/span><\/b><\/span><\/span><\/p>\n<p><span style=\"color: #000000;\"><span style=\"font-family: Times New Roman, serif;\"><span style=\"font-size: medium;\"><span style=\"color: #ffffff;\">_<\/span>Vicenta Ribera Sanchis<\/span><\/span><\/span><\/p>\n<p lang=\"zxx\"><span style=\"font-family: Times New Roman, serif;\"><span style=\"font-size: large;\"><b><span style=\"color: #ffffff;\">_<\/span><span style=\"color: #0000cc;\">Vicepresidenta:<\/span><\/b><\/span><\/span><\/p>\n<p lang=\"zxx\"><span style=\"color: #000000;\"><span style=\"font-family: Times New Roman, serif;\"><span style=\"font-size: medium;\"><span style=\"color: #ffffff;\">__<\/span>In\u00e9s Alonso Serra<\/span><\/span><\/span><\/p>\n<p lang=\"zxx\"><span style=\"font-family: Times New Roman, serif;\"><span style=\"font-size: large;\"><b><span style=\"color: #ffffff;\">_<\/span><span style=\"color: #0000cc;\">Vicepresidente:<\/span><\/b><\/span><\/span><\/p>\n<p lang=\"zxx\"><span style=\"color: #000000;\"><span style=\"font-family: Times New Roman, serif;\"><span style=\"font-size: medium;\"><span style=\"color: #ffffff;\">__<\/span>Jos\u00e9 Mar\u00eda Tortosa Belda<\/span><\/span><\/span><\/p>\n<p lang=\"zxx\"><span style=\"font-family: Times New Roman, serif;\"><span style=\"font-size: large;\"><b><span style=\"color: #ffffff;\">_<\/span><span style=\"color: #0000cc;\">Vocales:<\/span><\/b><\/span><\/span><\/p>\n<p lang=\"zxx\"><span style=\"color: #000000;\"><span style=\"font-family: Times New Roman, serif;\"><span style=\"font-size: medium;\"><span style=\"color: #ffffff;\">__<\/span>Miguel Soriano Cambra<\/span><\/span><\/span><\/p>\n<p lang=\"zxx\"><span style=\"color: #000000;\"><span style=\"font-family: Times New Roman, serif;\"><span style=\"font-size: medium;\"><span style=\"color: #ffffff;\">__<\/span>Elvira M\u00e1s<\/span><\/span><\/span><\/p>\n<p lang=\"zxx\"><span style=\"color: #000000;\"><span style=\"font-family: Times New Roman, serif;\"><span style=\"font-size: medium;\"><span style=\"color: #ffffff;\">__<\/span>Gloria Vidal<\/span><\/span><\/span><\/p>\n<p lang=\"zxx\"><span style=\"color: #000000;\"><span style=\"font-family: Times New Roman, serif;\"><span style=\"font-size: medium;\"><span style=\"color: #ffffff;\">__<\/span>Jos\u00e9 Gand\u00eda<\/span><\/span><\/span><\/p>\n<p lang=\"zxx\"><span style=\"color: #000000;\"><span style=\"font-family: Times New Roman, serif;\"><span style=\"font-size: medium;\"><span style=\"color: #ffffff;\">__<\/span>Pedro Bas<\/span><\/span><\/span><\/p>\n<p lang=\"zxx\"><span style=\"color: #000000;\"><span style=\"font-family: Times New Roman, serif;\"><span style=\"font-size: medium;\"><span style=\"color: #ffffff;\">__<\/span>Pilar Ferri<\/span><\/span><\/span><\/p>\n<p lang=\"zxx\"><span style=\"color: #000000;\"><span style=\"font-family: Times New Roman, serif;\"><span style=\"font-size: medium;\"><span style=\"color: #ffffff;\">__<\/span>Pilar Guerola<\/span><\/span><\/span><\/p>\n<p lang=\"zxx\"><span style=\"color: #000000;\"><span style=\"font-family: Times New Roman, serif;\"><span style=\"font-size: medium;\"><span style=\"color: #ffffff;\">__<\/span>Rafael Soler<\/span><\/span><\/span><\/p>\n<p lang=\"zxx\"><span style=\"color: #000000;\"><span style=\"font-family: Times New Roman, serif;\"><span style=\"font-size: medium;\"><span style=\"color: #ffffff;\">__<\/span>Rosa Pili Mateo<\/span><\/span><\/span><\/p>\n<p lang=\"zxx\"><span style=\"font-family: Times New Roman, serif;\"><span style=\"font-size: large;\"><b><span style=\"color: #ffffff;\">_<\/span><span style=\"color: #0000cc;\">Secretario:<\/span><\/b><\/span><\/span><\/p>\n<p lang=\"zxx\"><span style=\"color: #000000;\"><span style=\"font-family: Times New Roman, serif;\"><span style=\"font-size: medium;\"><span style=\"color: #ffffff;\">__<\/span>Enrique Tortosa Gand\u00eda<\/span><\/span><\/span><\/p>\n<p lang=\"zxx\"><span style=\"font-family: Times New Roman, serif;\"><span style=\"font-size: large;\"><b><span style=\"color: #ffffff;\">_<\/span><span style=\"color: #0000cc;\">Consiliario:<\/span><\/b><\/span><\/span><\/p>\n<p lang=\"zxx\"><span style=\"color: #000000;\"><span style=\"font-family: Times New Roman, serif;\"><span style=\"font-size: medium;\"><span style=\"color: #ffffff;\">__<\/span>Fray Antonio Jim\u00e9nez P\u00e9rez OFM.<\/span><\/span><\/span><\/p>\n<p>[\/vc_column_text][vc_single_image image=\u00bb3417&#8243; img_size=\u00bbfull\u00bb alignment=\u00bbcenter\u00bb onclick=\u00bbimg_link_large\u00bb qode_css_animation=\u00bb\u00bb][\/vc_column_inner][vc_column_inner width=\u00bb2\/6&#8243;][vc_column_text]<\/p>\n<p align=\"LEFT\"><span style=\"color: #000099;\"><span style=\"font-family: Times New Roman, serif;\"><span style=\"font-size: large;\"><b><span style=\"color: #ffffff;\">_<\/span>Actividades:<\/b><\/span><\/span><\/span><\/p>\n<p lang=\"es-ES\"><span style=\"color: #000000; font-size: 12pt;\"><span style=\"font-family: Times New Roman, serif;\"><span style=\"color: #ffffff;\">_<\/span>La Cofrad\u00eda, se re\u00fane anualmente cada mes de octubre, en un restaurante de la ciudad, donde celebra una merienda, y se reparte la loter\u00eda para el sorteo de Navidad.<\/span><\/span><\/p>\n<p lang=\"es-ES\"><span style=\"color: #000000; font-size: 12pt;\"><span style=\"font-family: Times New Roman, serif;\"><span style=\"color: #ffffff;\">_<\/span>Cada Viernes Santo tradicionalmente la Cofrad\u00eda celebra un desayuno y un almuerzo en un restaurante de la ciudad.<\/span><\/span><\/p>\n<p lang=\"es-ES\"><span style=\"color: #000000; font-size: 12pt;\"><span style=\"font-family: Times New Roman, serif;\"><span style=\"color: #ffffff;\">_<\/span>Anteriormente a ello, las mujeres quedan en un d\u00eda determinado en la Iglesia de San Francisco, para poner el exorno floral a la imagen del Nazareno.\u00a0<\/span><\/span><\/p>\n<p lang=\"es-ES\"><span style=\"color: #000000; font-size: 12pt;\"><span style=\"font-family: Times New Roman, serif;\"><span style=\"color: #ffffff;\">_<\/span>La imagen titular de la Cofrad\u00eda Ntro. Padre Jes\u00fas Nazareno, sale solo una vez al a\u00f1o, cada Viernes Santo, acompa\u00f1ada por una banda de m\u00fasica local y sale en dos ocasiones, por la ma\u00f1ana en el acto del Encuentro Doloroso que realiza con la Virgen Dolorosa y por la tarde-noche en la Procesi\u00f3n General del Santo Entierro.<\/span><\/span><\/p>\n<p lang=\"es-ES\"><span style=\"color: #000000; font-size: 12pt;\"><span style=\"font-family: Times New Roman, serif;\"><span style=\"color: #ffffff;\">_<\/span>Tambi\u00e9n suele salir una representaci\u00f3n de nazarenos de la Cofrad\u00eda, en la procesi\u00f3n rotativa de la Junta Diocesana de Valencia.<\/span><\/span><\/p>\n<p lang=\"es-ES\"><span style=\"color: #000000; font-size: 12pt;\"><span style=\"font-family: Times New Roman, serif;\"><span style=\"color: #ffffff;\">_<\/span>Tiene cedida la cofrad\u00eda un traje de nazareno, para que este expuesto en el museo de la Junta Local de Cofrad\u00edas, de la Semana Santa de Ontinyent, as\u00ed como dispone de dos estandartes, donde los saca cada Viernes Santo.<\/span><\/span><\/p>\n<p class=\"western\" align=\"justify\"><span style=\"font-family: 'times new roman', times; color: #000000;\">El d\u00eda 25 de octubre de 2024, aprovechando la merienda, que hace la cofrad\u00eda anualmente para el reparto de la loter\u00eda de Navidad, se realiz\u00f3 una Asamblea General Extraordinaria, para pasar a votaci\u00f3n el cambio de nombre en los Estatutos, a lo cual se aprob\u00f3 por unanimidad; donde se pas\u00f3 a denominar Cofrad\u00eda de Nuestro Padre Jes\u00fas Nazareno y Cristo de la Paz en su entrada a Jerusal\u00e9n.<\/span><\/p>\n<p class=\"western\" align=\"justify\"><span style=\"font-family: 'times new roman', times; color: #000000;\">Una vez aprobados el borrador de los Nuevos Estatutos por la Cofrad\u00eda, estos fueron entregados al Arzobispado de Valencia, para poder ser aprobados por el Arzobispado de Valencia. Una vez aprobados dichos estatutos, estos se pasaron a su escritura y elevaci\u00f3n a p\u00fablico de acuerdos, por el notario. Donde la cofrad\u00eda ya dispone de un numero de NIF,<u> y<\/u> un numero de inscripci\u00f3n en el Registro de Entidades Religiosas.<\/span><\/p>\n<p class=\"western\" align=\"justify\"><span style=\"font-family: 'times new roman', times; color: #000000;\">La cofrad\u00eda a partir de ahora celebrara anualmente tres procesiones:<\/span><\/p>\n<p class=\"western\" align=\"justify\"><span style=\"font-family: 'times new roman', times; color: #000000;\">La del Domingo de Ramos por la ma\u00f1ana, la del Viernes Santo por la ma\u00f1ana y la del Viernes Santo por la tarde\/noche.<\/span><\/p>\n<p>[\/vc_column_text][\/vc_column_inner][vc_column_inner width=\u00bb1\/6&#8243;][\/vc_column_inner][\/vc_row_inner][vc_row_inner row_type=\u00bbrow\u00bb type=\u00bbgrid\u00bb text_align=\u00bbleft\u00bb css_animation=\u00bb\u00bb css=\u00bb.vc_custom_1521812433367{padding-bottom: 40px !important;}\u00bb][vc_column_inner width=\u00bb1\/6&#8243;][\/vc_column_inner][vc_column_inner width=\u00bb2\/6&#8243;][vc_single_image image=\u00bb940&#8243; img_size=\u00bbfull\u00bb alignment=\u00bbcenter\u00bb onclick=\u00bbimg_link_large\u00bb qode_css_animation=\u00bb\u00bb][\/vc_column_inner][vc_column_inner width=\u00bb2\/6&#8243;][vc_column_text]<\/p>\n<p align=\"LEFT\"><span style=\"color: #000099;\"><span style=\"font-family: Times New Roman, serif;\"><span style=\"font-size: large;\"><b><span style=\"color: #ffffff;\">_<\/span>Contactos:<\/b><\/span><\/span><\/span><\/p>\n<p align=\"LEFT\"><span style=\"font-size: medium; font-family: 'Times New Roman', serif; color: #ffffff;\">_<\/span><span style=\"font-size: medium; font-family: 'Times New Roman', serif; color: #000000;\">Rvdo.P.Lu\u00eds Oviedo Torr\u00f3 (consiliario)<\/span><\/p>\n<p align=\"LEFT\"><span style=\"color: #000000;\"> <span style=\"font-family: Times New Roman, serif;\"><span style=\"font-size: medium;\">Avenida San Francisco n\u00ba 5<\/span><\/span><\/span><\/p>\n<p align=\"LEFT\"><span style=\"color: #000000;\"> <span style=\"font-family: Times New Roman, serif;\"><span style=\"font-size: medium;\">Tfo: 689 26 32 56 (Vicenta Presidenta)<\/span><\/span><\/span><\/p>\n<p class=\"western\" align=\"justify\"><span style=\"font-size: 12pt; font-family: 'times new roman', times; color: #000000;\">e-mail: nazarenoyburrita@gmail.com<\/span><\/p>\n<p>[\/vc_column_text][\/vc_column_inner][vc_column_inner width=\u00bb1\/6&#8243;][\/vc_column_inner][\/vc_row_inner][vc_row_inner row_type=\u00bbrow\u00bb type=\u00bbgrid\u00bb text_align=\u00bbleft\u00bb css_animation=\u00bb\u00bb css=\u00bb.vc_custom_1521812433367{padding-bottom: 40px !important;}\u00bb][vc_column_inner width=\u00bb5\/12&#8243;][\/vc_column_inner][vc_column_inner width=\u00bb3\/12&#8243;][vc_separator type=\u00bbtransparent\u00bb][vc_separator type=\u00bbtransparent\u00bb][layerslider_vc id=\u00bb1&#8243;][\/vc_column_inner][vc_column_inner width=\u00bb4\/12&#8243;][\/vc_column_inner][\/vc_row_inner][vc_row_inner row_type=\u00bbrow\u00bb type=\u00bbgrid\u00bb text_align=\u00bbleft\u00bb css_animation=\u00bb\u00bb css=\u00bb.vc_custom_1521812433367{padding-bottom: 40px !important;}\u00bb][vc_column_inner][vc_separator type=\u00bbtransparent\u00bb][vc_separator type=\u00bbtransparent\u00bb][vc_separator type=\u00bbtransparent\u00bb][vc_separator type=\u00bbtransparent\u00bb][vc_separator type=\u00bbtransparent\u00bb][vc_separator type=\u00bbtransparent\u00bb][\/vc_column_inner][\/vc_row_inner][\/vc_column][\/vc_row]<\/p>\n","protected":false},"excerpt":{"rendered":"<p>[vc_row css_animation=\u00bb\u00bb row_type=\u00bbrow\u00bb use_row_as_full_screen_section=\u00bbno\u00bb type=\u00bbfull_width\u00bb angled_section=\u00bbno\u00bb text_align=\u00bbleft\u00bb background_image_as_pattern=\u00bbwithout_pattern\u00bb css=\u00bb.vc_custom_1521812392429{padding-top: 130px !important;background-color: #ffffff !important;}\u00bb z_index=\u00bb\u00bb][vc_column][vc_separator type=\u00bbtransparent\u00bb][vc_row_inner row_type=\u00bbrow\u00bb type=\u00bbgrid\u00bb text_align=\u00bbleft\u00bb css_animation=\u00bb\u00bb css=\u00bb.vc_custom_1521812433367{padding-bottom: 40px !important;}\u00bb][vc_column_inner width=\u00bb1\/6&#8243;][\/vc_column_inner][vc_column_inner width=\u00bb4\/6&#8243;][vc_column_text] Cofrad\u00eda Nuestro Padre Jes\u00fas Nazareno y Cristo de la Paz en su entrada a Jerusal\u00e9n [\/vc_column_text][vc_single_image image=\u00bb941&#8243; img_size=\u00bbfull\u00bb alignment=\u00bbcenter\u00bb onclick=\u00bbimg_link_large\u00bb qode_css_animation=\u00bb\u00bb][vc_separator&#8230;<\/p>\n","protected":false},"author":1,"featured_media":0,"parent":0,"menu_order":0,"comment_status":"closed","ping_status":"closed","template":"full_width.php","meta":{"footnotes":""},"class_list":["post-508","page","type-page","status-publish","hentry"],"_links":{"self":[{"href":"https:\/\/www.cofradiasontinyent.com\/index.php\/wp-json\/wp\/v2\/pages\/508","targetHints":{"allow":["GET"]}}],"collection":[{"href":"https:\/\/www.cofradiasontinyent.com\/index.php\/wp-json\/wp\/v2\/pages"}],"about":[{"href":"https:\/\/www.cofradiasontinyent.com\/index.php\/wp-json\/wp\/v2\/types\/page"}],"author":[{"embeddable":true,"href":"https:\/\/www.cofradiasontinyent.com\/index.php\/wp-json\/wp\/v2\/users\/1"}],"replies":[{"embeddable":true,"href":"https:\/\/www.cofradiasontinyent.com\/index.php\/wp-json\/wp\/v2\/comments?post=508"}],"version-history":[{"count":14,"href":"https:\/\/www.cofradiasontinyent.com\/index.php\/wp-json\/wp\/v2\/pages\/508\/revisions"}],"predecessor-version":[{"id":3418,"href":"https:\/\/www.cofradiasontinyent.com\/index.php\/wp-json\/wp\/v2\/pages\/508\/revisions\/3418"}],"wp:attachment":[{"href":"https:\/\/www.cofradiasontinyent.com\/index.php\/wp-json\/wp\/v2\/media?parent=508"}],"curies":[{"name":"wp","href":"https:\/\/api.w.org\/{rel}","templated":true}]}}