{"id":653,"date":"2022-12-29T11:40:00","date_gmt":"2022-12-29T11:40:00","guid":{"rendered":"http:\/\/51.75.204.15\/?page_id=653"},"modified":"2025-03-26T15:32:13","modified_gmt":"2025-03-26T15:32:13","slug":"nazareno_imagen","status":"publish","type":"page","link":"https:\/\/www.cofradiasontinyent.com\/index.php\/nazareno_imagen\/","title":{"rendered":"Nazareno_imagen"},"content":{"rendered":"<p>[vc_row css_animation=\u00bb\u00bb row_type=\u00bbrow\u00bb use_row_as_full_screen_section=\u00bbno\u00bb type=\u00bbfull_width\u00bb angled_section=\u00bbno\u00bb text_align=\u00bbleft\u00bb background_image_as_pattern=\u00bbwithout_pattern\u00bb css=\u00bb.vc_custom_1521812392429{padding-top: 130px !important;background-color: #ffffff !important;}\u00bb z_index=\u00bb\u00bb][vc_column][vc_separator type=\u00bbtransparent\u00bb][vc_row_inner row_type=\u00bbrow\u00bb type=\u00bbgrid\u00bb text_align=\u00bbleft\u00bb css_animation=\u00bb\u00bb css=\u00bb.vc_custom_1521812433367{padding-bottom: 40px !important;}\u00bb][vc_column_inner width=\u00bb1\/6&#8243;][\/vc_column_inner][vc_column_inner width=\u00bb2\/6&#8243;][vc_column_text]<\/p>\n<p lang=\"zxx\" style=\"text-align: center;\"><span style=\"color: #000099;\"><span style=\"font-size: x-large;\"><b>Jes\u00fas con la cruz a cuestas camino del Calvario en la tercera\u00a0<\/b><\/span><\/span><span style=\"color: #000099; font-size: x-large;\"><b>ca\u00edda<\/b><\/span><\/p>\n<p>[\/vc_column_text][vc_gallery type=\u00bbflexslider_slide\u00bb interval=\u00bb5&#8243; images=\u00bb984,983,3419&#8243; img_size=\u00bbfull\u00bb onclick=\u00bbimg_link_large\u00bb][\/vc_column_inner][vc_column_inner width=\u00bb2\/6&#8243;][vc_column_text]<\/p>\n<p lang=\"es-ES\"><span style=\"color: #000099;\"><span style=\"font-size: large;\"><b><span style=\"color: #ffffff;\">__<\/span>Jes\u00fas con la cruz a cuestas, camino del Calvario en la tercera ca\u00edda. Pio Mollar Franch, 1942<\/b><\/span><\/span><\/p>\n<p lang=\"es-ES\"><span style=\"color: #000000;\"><span style=\"font-family: Times New Roman, serif;\"><span style=\"font-size: medium;\"><span style=\"color: #ffffff;\">_<\/span><span style=\"font-family: 'times new roman', times; font-size: 12pt; color: #000000;\">La imagen esta datada en el a\u00f1o 1942 y su autor fue Pio Mollar Franch, la imagen va sobre un carro a ruedas, empujado por varios nazarenos. Y se encuentra en culto al entrar en la Iglesia de San Francisco a mano derecha.<\/span><\/span><\/span><\/span><\/p>\n<p><span style=\"color: #000000; font-family: 'times new roman', times; font-size: 12pt;\"><span lang=\"es-ES\"><span style=\"color: #ffffff;\"><b>_<\/b><\/span><strong>P<\/strong><\/span><span lang=\"es-ES\"><strong>io<\/strong><b> Mollar Franch,<\/b><\/span><span lang=\"es-ES\"> c<\/span>urs\u00f3 estudios art\u00edsticos en la Real Academia de San Carlos, donde tuvo por maestros a los escultores <b>Modesto Quilis<\/b> y <b>Miguel Blay<\/b><\/span><\/p>\n<p><span style=\"color: #000000; font-family: 'times new roman', times; font-size: 12pt;\"><span style=\"color: #ffffff;\">_<\/span>Concurri\u00f3 a varias exposiciones colectivas, consiguiendo Medalla de Oro en la Iberoamericana de Madrid, en 1905; la Regional Valenciana, en 1909, y la Hispanoamericana, de M\u00e9xico, en 1910<\/span><\/p>\n<p><span style=\"color: #000000; font-family: 'times new roman', times; font-size: 12pt;\"><span lang=\"es-ES\" style=\"color: #ffffff;\">_<\/span><span lang=\"es-ES\">Supo elevar la imaginer\u00eda a primera l\u00ednea<\/span><\/span><\/p>\n<p><span style=\"color: #000000; font-family: 'times new roman', times; font-size: 12pt;\"><span style=\"color: #ffffff;\">_<\/span>Falleci\u00f3 en Valencia, el 28 de agosto de 1953, a los 75 a\u00f1os de edad.<\/span><\/p>\n<p><span style=\"color: #000000; font-family: 'times new roman', times; font-size: 12pt;\"><span style=\"color: #ffffff;\">_<\/span>Su obra es muy extensa, cultivando la estatuaria en m\u00e1rmol, bronce y madera policromada.<\/span>[\/vc_column_text][\/vc_column_inner][vc_column_inner width=\u00bb1\/6&#8243;][\/vc_column_inner][\/vc_row_inner][vc_row_inner row_type=\u00bbrow\u00bb type=\u00bbgrid\u00bb text_align=\u00bbleft\u00bb css_animation=\u00bb\u00bb css=\u00bb.vc_custom_1521812433367{padding-bottom: 40px !important;}\u00bb][vc_column_inner width=\u00bb1\/6&#8243;][\/vc_column_inner][vc_column_inner width=\u00bb2\/6&#8243;][vc_column_text]<span style=\"color: #000000; font-family: 'times new roman', times; font-size: 12pt;\">Se especializ\u00f3 en la escultura de car\u00e1cter religioso, pasando de 3.500 las esculturas existentes entre toda Espa\u00f1a y Am\u00e9rica. Se halla representada en el Museo de Bellas Artes de Valencia y en numerosas colecciones oficiales y privadas espa\u00f1olas y extranjeras.<\/span>[\/vc_column_text][\/vc_column_inner][vc_column_inner width=\u00bb2\/6&#8243;][vc_column_text]<span style=\"color: #000000; font-family: 'times new roman', times; font-size: 12pt;\"> Tambi\u00e9n practic\u00f3 la decoraci\u00f3n art\u00edstica en madera tallada, con diversos estilos y \u00f3rdenes, habiendo realizado en su taller m\u00e1s de 800 obras entre las que existen altares, retablos y otros trabajos complementarios de templos.<\/span>[\/vc_column_text][\/vc_column_inner][vc_column_inner width=\u00bb1\/6&#8243;][\/vc_column_inner][\/vc_row_inner][vc_row_inner row_type=\u00bbrow\u00bb type=\u00bbgrid\u00bb text_align=\u00bbleft\u00bb css_animation=\u00bb\u00bb css=\u00bb.vc_custom_1521812433367{padding-bottom: 40px !important;}\u00bb][vc_column_inner width=\u00bb1\/6&#8243;][\/vc_column_inner][vc_column_inner width=\u00bb2\/6&#8243;][vc_separator type=\u00bbtransparent\u00bb][vc_separator type=\u00bbtransparent\u00bb][vc_column_text]<\/p>\n<p lang=\"zxx\"><span style=\"color: #000099;\"><span style=\"font-size: x-large;\"><b>Cristo de la paz en su entrada a Jerusal\u00e9n<\/b><\/span><\/span><\/p>\n<p>[\/vc_column_text][vc_gallery type=\u00bbflexslider_slide\u00bb interval=\u00bb5&#8243; images=\u00bb3423,3422,3421,3420&#8243; img_size=\u00bbfull\u00bb onclick=\u00bbimg_link_large\u00bb][\/vc_column_inner][vc_column_inner width=\u00bb2\/6&#8243;][vc_separator type=\u00bbtransparent\u00bb][vc_separator type=\u00bbtransparent\u00bb][vc_separator type=\u00bbtransparent\u00bb][vc_separator type=\u00bbtransparent\u00bb][vc_separator type=\u00bbtransparent\u00bb][vc_separator type=\u00bbtransparent\u00bb][vc_column_text]<span style=\"color: #222222;\"><span style=\"font-size: medium;\"><b><span style=\"color: #ffffff;\"><span style=\"font-size: large;\"><span lang=\"es-ES\">__<\/span><\/span><\/span><span style=\"color: #000099;\"><span style=\"font-size: large;\"><span lang=\"es-ES\">Cristo de la Paz en su entrada a Jerusal\u00e9n<\/span><\/span><\/span><\/b><\/span><\/span><\/p>\n<p><span style=\"color: #000000; font-size: 12pt;\"><span style=\"font-family: Times New Roman, serif;\">Autor del Cristo: Francisco Javier L\u00f3pez Espino: natural de Lucena (C\u00f3rdoba).<\/span><\/span><\/p>\n<p><span style=\"color: #000000; font-size: 12pt;\"><span style=\"font-family: Times New Roman, serif;\">La imagen del Se\u00f1or es de vestir, realizada en madera de cedro, brazos articulados y policromada al oleo.<\/span><\/span><\/p>\n<p><span style=\"color: #000000; font-size: 12pt;\"><span style=\"font-family: Times New Roman, serif;\">Fecha: <b>8\/10\/2022.<\/b><\/span><\/span><\/p>\n<p><span style=\"color: #000000; font-size: 12pt;\"><span style=\"font-family: Times New Roman, serif;\">Autor del asno y las potencias: <b>Juan Antonio G\u00f3mez Gil:<\/b> natural de Puente Genil (C\u00f3rdoba).<\/span><\/span><\/p>\n<p><span style=\"color: #000000; font-size: 12pt;\"><span style=\"font-family: Times New Roman, serif;\">Realizada en madera de cedro de talla y policromada al oleo.<\/span><\/span><\/p>\n<p><span style=\"color: #000000; font-size: 12pt;\"><span style=\"font-family: Times New Roman, serif;\">Fecha: <b>7\/3\/2020.<\/b><\/span><\/span><\/p>\n<p><span style=\"color: #222222;\"><span style=\"font-family: Times New Roman, serif;\"><span style=\"font-size: medium;\">Las dos t\u00fanicas blancas del Se\u00f1or fueron realizadas por la modista de Ontinyent, <b>Mari Carmen Campos.<\/b><\/span><\/span><\/span><\/p>\n<p><span style=\"color: #222222;\"><span style=\"font-family: Times New Roman, serif;\"><span style=\"font-size: medium;\"><b>Fue bendecida: <\/b>El 12\/2\/2023. Por Fray Antonio Jim\u00e9nez P\u00e9rez OFM.<\/span><\/span><\/span>[\/vc_column_text][\/vc_column_inner][vc_column_inner width=\u00bb1\/6&#8243;][\/vc_column_inner][\/vc_row_inner][vc_row_inner row_type=\u00bbrow\u00bb type=\u00bbgrid\u00bb text_align=\u00bbleft\u00bb css_animation=\u00bb\u00bb css=\u00bb.vc_custom_1521812433367{padding-bottom: 40px !important;}\u00bb][vc_column_inner width=\u00bb5\/12&#8243;][\/vc_column_inner][vc_column_inner width=\u00bb3\/12&#8243;][vc_separator type=\u00bbtransparent\u00bb][vc_separator type=\u00bbtransparent\u00bb][layerslider_vc id=\u00bb1&#8243;][\/vc_column_inner][vc_column_inner width=\u00bb4\/12&#8243;][\/vc_column_inner][vc_column_inner][\/vc_column_inner][\/vc_row_inner][vc_row_inner row_type=\u00bbrow\u00bb type=\u00bbgrid\u00bb text_align=\u00bbleft\u00bb css_animation=\u00bb\u00bb css=\u00bb.vc_custom_1521812433367{padding-bottom: 40px !important;}\u00bb][vc_column_inner][vc_separator type=\u00bbtransparent\u00bb][vc_separator type=\u00bbtransparent\u00bb][vc_separator type=\u00bbtransparent\u00bb][vc_separator type=\u00bbtransparent\u00bb][vc_separator type=\u00bbtransparent\u00bb][vc_separator type=\u00bbtransparent\u00bb][\/vc_column_inner][\/vc_row_inner][\/vc_column][\/vc_row]<\/p>\n","protected":false},"excerpt":{"rendered":"<p>[vc_row css_animation=\u00bb\u00bb row_type=\u00bbrow\u00bb use_row_as_full_screen_section=\u00bbno\u00bb type=\u00bbfull_width\u00bb angled_section=\u00bbno\u00bb text_align=\u00bbleft\u00bb background_image_as_pattern=\u00bbwithout_pattern\u00bb css=\u00bb.vc_custom_1521812392429{padding-top: 130px !important;background-color: #ffffff !important;}\u00bb z_index=\u00bb\u00bb][vc_column][vc_separator type=\u00bbtransparent\u00bb][vc_row_inner row_type=\u00bbrow\u00bb type=\u00bbgrid\u00bb text_align=\u00bbleft\u00bb css_animation=\u00bb\u00bb css=\u00bb.vc_custom_1521812433367{padding-bottom: 40px !important;}\u00bb][vc_column_inner width=\u00bb1\/6&#8243;][\/vc_column_inner][vc_column_inner width=\u00bb2\/6&#8243;][vc_column_text] Jes\u00fas con la cruz a cuestas camino del Calvario en la tercera\u00a0ca\u00edda [\/vc_column_text][vc_gallery type=\u00bbflexslider_slide\u00bb interval=\u00bb5&#8243; images=\u00bb984,983,3419&#8243; img_size=\u00bbfull\u00bb onclick=\u00bbimg_link_large\u00bb][\/vc_column_inner][vc_column_inner width=\u00bb2\/6&#8243;][vc_column_text] __Jes\u00fas con&#8230;<\/p>\n","protected":false},"author":1,"featured_media":0,"parent":0,"menu_order":0,"comment_status":"closed","ping_status":"closed","template":"full_width.php","meta":{"footnotes":""},"class_list":["post-653","page","type-page","status-publish","hentry"],"_links":{"self":[{"href":"https:\/\/www.cofradiasontinyent.com\/index.php\/wp-json\/wp\/v2\/pages\/653","targetHints":{"allow":["GET"]}}],"collection":[{"href":"https:\/\/www.cofradiasontinyent.com\/index.php\/wp-json\/wp\/v2\/pages"}],"about":[{"href":"https:\/\/www.cofradiasontinyent.com\/index.php\/wp-json\/wp\/v2\/types\/page"}],"author":[{"embeddable":true,"href":"https:\/\/www.cofradiasontinyent.com\/index.php\/wp-json\/wp\/v2\/users\/1"}],"replies":[{"embeddable":true,"href":"https:\/\/www.cofradiasontinyent.com\/index.php\/wp-json\/wp\/v2\/comments?post=653"}],"version-history":[{"count":10,"href":"https:\/\/www.cofradiasontinyent.com\/index.php\/wp-json\/wp\/v2\/pages\/653\/revisions"}],"predecessor-version":[{"id":3427,"href":"https:\/\/www.cofradiasontinyent.com\/index.php\/wp-json\/wp\/v2\/pages\/653\/revisions\/3427"}],"wp:attachment":[{"href":"https:\/\/www.cofradiasontinyent.com\/index.php\/wp-json\/wp\/v2\/media?parent=653"}],"curies":[{"name":"wp","href":"https:\/\/api.w.org\/{rel}","templated":true}]}}