{"id":667,"date":"2022-12-29T11:49:11","date_gmt":"2022-12-29T11:49:11","guid":{"rendered":"http:\/\/51.75.204.15\/?page_id=667"},"modified":"2025-03-26T15:30:05","modified_gmt":"2025-03-26T15:30:05","slug":"dolorosa_imagen","status":"publish","type":"page","link":"https:\/\/www.cofradiasontinyent.com\/index.php\/dolorosa_imagen\/","title":{"rendered":"Dolorosa_imagen"},"content":{"rendered":"<p>[vc_row css_animation=\u00bb\u00bb row_type=\u00bbrow\u00bb use_row_as_full_screen_section=\u00bbno\u00bb type=\u00bbfull_width\u00bb angled_section=\u00bbno\u00bb text_align=\u00bbleft\u00bb background_image_as_pattern=\u00bbwithout_pattern\u00bb css=\u00bb.vc_custom_1521812392429{padding-top: 130px !important;background-color: #ffffff !important;}\u00bb z_index=\u00bb\u00bb][vc_column][vc_separator type=\u00bbtransparent\u00bb][vc_row_inner row_type=\u00bbrow\u00bb type=\u00bbgrid\u00bb text_align=\u00bbleft\u00bb css_animation=\u00bb\u00bb css=\u00bb.vc_custom_1521812433367{padding-bottom: 40px !important;}\u00bb][vc_column_inner width=\u00bb1\/6&#8243;][\/vc_column_inner][vc_column_inner width=\u00bb2\/6&#8243;][vc_column_text]<\/p>\n<p lang=\"zxx\" style=\"text-align: center;\"><span style=\"color: #000099;\"><span style=\"font-size: x-large;\"><b>Mare de D\u00e9u dels Dolors<\/b><\/span><\/span><\/p>\n<p>[\/vc_column_text][vc_gallery type=\u00bbflexslider_slide\u00bb interval=\u00bb5&#8243; images=\u00bb989,990,991&#8243; img_size=\u00bbfull\u00bb onclick=\u00bbimg_link_large\u00bb][\/vc_column_inner][vc_column_inner width=\u00bb2\/6&#8243;][vc_column_text]<span style=\"color: #000099;\"><span style=\"font-size: large;\"><b><span style=\"color: #ffffff;\">__<\/span>El Mare de D\u00e9u dels Dolors. Antonio Royo Miralles y V.R. Rabasa. 1960<\/b><\/span><\/span><\/p>\n<p><span style=\"color: #000000;\"><span style=\"color: #ffffff;\">_<\/span><span style=\"font-family: 'times new roman', times; font-size: 12pt;\"><b>Jos\u00e9 Rabasa P\u00e9rez<\/b> era un banquero con un buen ojo para los negocios. Atento a la enorme demanda de im\u00e1genes que se produjo tras la guerra civil, lo que hizo fue asociarse con su cu\u00f1ado <b>Antonio Royo Miralles<\/b>, decorador de profesi\u00f3n , y crear el gran taller de escultura <b>Rabasa-Royo<\/b>, que se nutri\u00f3 de un buen n\u00famero de buenos escultores, \u00e1vidos de trabajo durante aquellos a\u00f1os de la posguerra.<\/span><\/span><\/p>\n<p><span style=\"color: #000000; font-family: 'times new roman', times; font-size: 12pt;\"><span style=\"color: #ffffff;\">_<\/span>En la calle Trinidad N\u00ba 4 de Valencia, <b>Jos\u00e9 Rabasa<\/b> levant\u00f3 el famoso taller de arte religioso del que habr\u00edan de salir, rumbo a todos los puntos de Espa\u00f1a, algunas de las mejores obras de imaginer\u00eda del siglo XX.<\/span><\/p>\n<p><span style=\"color: #000000; font-family: 'times new roman', times; font-size: 12pt;\"><span style=\"color: #ffffff;\">_<\/span>Desgraciadamente no conocemos a los verdaderos escultores que tallaron durante los a\u00f1os 40 y 50 los mejores pasos procesionales de nuestra \u00e9poca. <\/span>[\/vc_column_text][\/vc_column_inner][vc_column_inner width=\u00bb1\/6&#8243;][\/vc_column_inner][\/vc_row_inner][vc_row_inner row_type=\u00bbrow\u00bb type=\u00bbgrid\u00bb text_align=\u00bbleft\u00bb css_animation=\u00bb\u00bb css=\u00bb.vc_custom_1521812433367{padding-bottom: 40px !important;}\u00bb][vc_column_inner width=\u00bb1\/6&#8243;][\/vc_column_inner][vc_column_inner width=\u00bb2\/6&#8243;][vc_column_text]<span style=\"color: #000000; font-family: 'times new roman', times; font-size: 12pt;\"><span style=\"color: #ffffff;\">_<\/span>En definitiva deberemos aclarar que <b>Jose Rabasa<\/b> no fue un artista, sin embargo en muchas localidades se le cataloga como escultor y se le otorga err\u00f3neamente la autor\u00eda de muchas obras, cuando solo se podr\u00eda decir que fueron talladas \u201cen el taller de escultura de <b>Jos\u00e9 Rabasa<\/b>\u00bb pues se desconocen los nombres de los maestros escultores que trabajaron para \u00e9l.<\/span>[\/vc_column_text][\/vc_column_inner][vc_column_inner width=\u00bb2\/6&#8243;][vc_column_text]<span style=\"color: #000000; font-family: 'times new roman', times; font-size: 12pt;\"><span style=\"color: #ffffff;\">_<\/span>Con su cu\u00f1ado <b>Antonio Royo Miralles<\/b> levant\u00f3 el taller de arte religioso <b>Rabasa-Royo<\/b> en Valencia pero \u00e9l jam\u00e1s fue escultor o imaginero, sino intermediario de un grupo de artistas valencianos que, encerrados en sus talleres depositaban en \u00e9l su confianza sobre el destino de sus im\u00e1genes cuyo encargo aceptaban con la sugerencia de que fueran entregadas sin firmar.<\/span>[\/vc_column_text][\/vc_column_inner][vc_column_inner width=\u00bb1\/6&#8243;][\/vc_column_inner][\/vc_row_inner][vc_row_inner row_type=\u00bbrow\u00bb type=\u00bbgrid\u00bb text_align=\u00bbleft\u00bb css_animation=\u00bb\u00bb css=\u00bb.vc_custom_1521812433367{padding-bottom: 40px !important;}\u00bb][vc_column_inner width=\u00bb5\/12&#8243;][\/vc_column_inner][vc_column_inner width=\u00bb3\/12&#8243;][vc_separator type=\u00bbtransparent\u00bb][vc_separator type=\u00bbtransparent\u00bb][layerslider_vc id=\u00bb1&#8243;][\/vc_column_inner][vc_column_inner width=\u00bb4\/12&#8243;][\/vc_column_inner][\/vc_row_inner][vc_row_inner row_type=\u00bbrow\u00bb type=\u00bbgrid\u00bb text_align=\u00bbleft\u00bb css_animation=\u00bb\u00bb css=\u00bb.vc_custom_1521812433367{padding-bottom: 40px !important;}\u00bb][vc_column_inner][vc_separator type=\u00bbtransparent\u00bb][vc_separator type=\u00bbtransparent\u00bb][vc_separator type=\u00bbtransparent\u00bb][vc_separator type=\u00bbtransparent\u00bb][vc_separator type=\u00bbtransparent\u00bb][vc_separator type=\u00bbtransparent\u00bb][\/vc_column_inner][\/vc_row_inner][\/vc_column][\/vc_row]<\/p>\n","protected":false},"excerpt":{"rendered":"<p>[vc_row css_animation=\u00bb\u00bb row_type=\u00bbrow\u00bb use_row_as_full_screen_section=\u00bbno\u00bb type=\u00bbfull_width\u00bb angled_section=\u00bbno\u00bb text_align=\u00bbleft\u00bb background_image_as_pattern=\u00bbwithout_pattern\u00bb css=\u00bb.vc_custom_1521812392429{padding-top: 130px !important;background-color: #ffffff !important;}\u00bb z_index=\u00bb\u00bb][vc_column][vc_separator type=\u00bbtransparent\u00bb][vc_row_inner row_type=\u00bbrow\u00bb type=\u00bbgrid\u00bb text_align=\u00bbleft\u00bb css_animation=\u00bb\u00bb css=\u00bb.vc_custom_1521812433367{padding-bottom: 40px !important;}\u00bb][vc_column_inner width=\u00bb1\/6&#8243;][\/vc_column_inner][vc_column_inner width=\u00bb2\/6&#8243;][vc_column_text] Mare de D\u00e9u dels Dolors [\/vc_column_text][vc_gallery type=\u00bbflexslider_slide\u00bb interval=\u00bb5&#8243; images=\u00bb989,990,991&#8243; img_size=\u00bbfull\u00bb onclick=\u00bbimg_link_large\u00bb][\/vc_column_inner][vc_column_inner width=\u00bb2\/6&#8243;][vc_column_text]__El Mare de D\u00e9u dels Dolors. Antonio Royo Miralles y&#8230;<\/p>\n","protected":false},"author":1,"featured_media":0,"parent":0,"menu_order":0,"comment_status":"closed","ping_status":"closed","template":"full_width.php","meta":{"footnotes":""},"class_list":["post-667","page","type-page","status-publish","hentry"],"_links":{"self":[{"href":"https:\/\/www.cofradiasontinyent.com\/index.php\/wp-json\/wp\/v2\/pages\/667","targetHints":{"allow":["GET"]}}],"collection":[{"href":"https:\/\/www.cofradiasontinyent.com\/index.php\/wp-json\/wp\/v2\/pages"}],"about":[{"href":"https:\/\/www.cofradiasontinyent.com\/index.php\/wp-json\/wp\/v2\/types\/page"}],"author":[{"embeddable":true,"href":"https:\/\/www.cofradiasontinyent.com\/index.php\/wp-json\/wp\/v2\/users\/1"}],"replies":[{"embeddable":true,"href":"https:\/\/www.cofradiasontinyent.com\/index.php\/wp-json\/wp\/v2\/comments?post=667"}],"version-history":[{"count":4,"href":"https:\/\/www.cofradiasontinyent.com\/index.php\/wp-json\/wp\/v2\/pages\/667\/revisions"}],"predecessor-version":[{"id":994,"href":"https:\/\/www.cofradiasontinyent.com\/index.php\/wp-json\/wp\/v2\/pages\/667\/revisions\/994"}],"wp:attachment":[{"href":"https:\/\/www.cofradiasontinyent.com\/index.php\/wp-json\/wp\/v2\/media?parent=667"}],"curies":[{"name":"wp","href":"https:\/\/api.w.org\/{rel}","templated":true}]}}